{"id":682,"date":"2020-03-07T18:59:33","date_gmt":"2020-03-07T18:59:33","guid":{"rendered":"http:\/\/54.172.7.110:8000\/?page_id=682"},"modified":"2024-03-10T23:00:11","modified_gmt":"2024-03-10T23:00:11","slug":"diploma","status":"publish","type":"page","link":"https:\/\/germanschoollondon.ca\/de\/diploma\/","title":{"rendered":"Diplom"},"content":{"rendered":"<div data-elementor-type=\"wp-page\" data-elementor-id=\"682\" class=\"elementor elementor-682\">\n\t\t\t\t\t\t<section class=\"elementor-section elementor-top-section elementor-element elementor-element-73fed74 elementor-section-boxed elementor-section-height-default elementor-section-height-default\" data-id=\"73fed74\" data-element_type=\"section\">\n\t\t\t\t\t\t<div class=\"elementor-container elementor-column-gap-default\">\n\t\t\t\t\t<div class=\"elementor-column elementor-col-100 elementor-top-column elementor-element elementor-element-3d709c6\" data-id=\"3d709c6\" data-element_type=\"column\">\n\t\t\t<div class=\"elementor-widget-wrap elementor-element-populated\">\n\t\t\t\t\t\t<div class=\"elementor-element elementor-element-36f1786 elementor-widget elementor-widget-text-editor\" data-id=\"36f1786\" data-element_type=\"widget\" data-widget_type=\"text-editor.default\">\n\t\t\t\t<div class=\"elementor-widget-container\">\n\t\t\t\t\t\t\t\t\t<h1>Diplom<\/h1><h2>Deutsches Sprachdiplom (DSD)<\/h2><p>Fortgeschrittene High-school Sch\u00fcler und Sch\u00fclerinnen haben die M\u00f6glichkeit, sich auf das Deutsche Sprachdiplom der Kultusministerkonferenz vorzubereiten<\/p><p>Das DSD wird weltweit an mehr als 12.000 Schulen in 70 L\u00e4ndern von derzeit etwa 75.000 Sch\u00fclern j\u00e4hrlich abgelegt und besteht aus Pr\u00fcfungen in den vier Teilen H\u00f6rverstehen, Leseverstehen, Schriftliche Kommunikation und M\u00fcndliche Kommunikation.<\/p><p>Das DSD kann auf den folgenden Niveaustufen des Gemeinsamen Europ\u00e4ischen Referenzrahmens f\u00fcr Sprachen erworben werden:<\/p><ul><li>DSD I (Kompetenzniveau B1) best\u00e4tigt selbst\u00e4ndige Sprachverwendung und gilt als Sprachnachweis f\u00fcr die Aufnahme an ein Studienkolleg in Deutschland.<\/li><li>DSD II (Kompetenzniveau B2\/C1) gilt als Nachweis der f\u00fcr ein Universit\u00e4tsstudium in der Bundesrepublik Deutschland erforderlichen Deutschkenntnisse.<\/li><\/ul><p>Die Aufgaben werden von der Zentralstelle f\u00fcr das Auslandsschulwesen (ZfA) in K\u00f6ln erstellt, die auch die schriftlichen Ergebnisse auswertet, w\u00e4hrend die m\u00fcndliche Pr\u00fcfung vor Ort bewertet wird.  Die Durchf\u00fchrung der Pr\u00fcfung findet f\u00fcr unsere Sch\u00fcler an der DSS London unter dem Vorsitz des f\u00fcr uns zust\u00e4ndigen deutschen Fachberaters statt.  Erfolgreiche Kandidaten erhalten ein Diplom zusammen mit einer englischen \u00dcbersetzung.<\/p><p>Fortgeschrittene Elementarsch\u00fcler und High-school Sch\u00fcler ab dem 3. Lernjahr Deutsch k\u00f6nnen sich an der von der Zentralstelle f\u00fcr das Auslandsschulwesen (ZfA) bereitgestellten Internationalen schulische Vergleichsarbeit (IVA) auf A2  Niveau (Beherrschung elementarer Sprachanwendung) beteiligen.  Die Bescheinigung bietet Vorteile bei Bewerbungen um Stipendien und Stellen. <span lang=\"EN-GB\" xml:lang=\"EN-GB\">Employers in Canada and abroad recognize the DSD as proof of the holder&#8217;s excellent knowledge of German.<br \/><\/span><\/p><p class=\"translation-block\">N\u00e4heres erfahren Sie durch die Schulleitung.<\/p>\t\t\t\t\t\t\t\t<\/div>\n\t\t\t\t<\/div>\n\t\t\t\t\t<\/div>\n\t\t<\/div>\n\t\t\t\t\t<\/div>\n\t\t<\/section>\n\t\t\t\t<\/div>","protected":false},"excerpt":{"rendered":"<p>Diploma German Language Diploma (Deutsches Sprachdiplom &#8211; DSD) The German Language School London prepares advanced High-school students for the German Language Diploma (Deutsches Sprachdiplom &#8211; DSD) of the Federal Republic of Germany at several levels. These exams are held at more than 12,000 schools in 70 countries, with about 75,000 participants every year worldwide. The [&hellip;]<\/p>","protected":false},"author":1,"featured_media":0,"parent":0,"menu_order":0,"comment_status":"closed","ping_status":"closed","template":"elementor_header_footer","meta":{"footnotes":""},"class_list":["post-682","page","type-page","status-publish","hentry"],"jetpack_sharing_enabled":true,"_links":{"self":[{"href":"https:\/\/germanschoollondon.ca\/de\/wp-json\/wp\/v2\/pages\/682","targetHints":{"allow":["GET"]}}],"collection":[{"href":"https:\/\/germanschoollondon.ca\/de\/wp-json\/wp\/v2\/pages"}],"about":[{"href":"https:\/\/germanschoollondon.ca\/de\/wp-json\/wp\/v2\/types\/page"}],"author":[{"embeddable":true,"href":"https:\/\/germanschoollondon.ca\/de\/wp-json\/wp\/v2\/users\/1"}],"replies":[{"embeddable":true,"href":"https:\/\/germanschoollondon.ca\/de\/wp-json\/wp\/v2\/comments?post=682"}],"version-history":[{"count":0,"href":"https:\/\/germanschoollondon.ca\/de\/wp-json\/wp\/v2\/pages\/682\/revisions"}],"wp:attachment":[{"href":"https:\/\/germanschoollondon.ca\/de\/wp-json\/wp\/v2\/media?parent=682"}],"curies":[{"name":"wp","href":"https:\/\/api.w.org\/{rel}","templated":true}]}}