{"id":666,"date":"2020-03-07T18:47:08","date_gmt":"2020-03-07T18:47:08","guid":{"rendered":"http:\/\/54.172.7.110:8000\/?page_id=666"},"modified":"2024-03-10T23:22:55","modified_gmt":"2024-03-10T23:22:55","slug":"about","status":"publish","type":"page","link":"https:\/\/germanschoollondon.ca\/de\/about\/","title":{"rendered":"\u00dcber uns"},"content":{"rendered":"<h1 class=\"wp-block-heading\">Wir \u00fcber uns<br><\/h1>\n\n\n\n<p>Founded in 1959 our school presently teaches about 90 elementary, high-school and adult learners.\u00a0<br><\/p>\n\n\n\n<p>We are very proud and fortunate that the Central Agency of Schools Abroad (ZfA) of the Federal Republic of Germany is a strong supporter of our programs.\u00a0\u00a0<br><br><\/p>\n\n\n\n<h2 class=\"wp-block-heading\">Wir bieten...<\/h2>\n\n\n\n<ul class=\"wp-block-list\">\n<li>Sprachunterricht f\u00fcr Kinder ab 4 Jahren, Jugendliche und Erwachsene.<br><\/li>\n\n\n\n<li>Getrennte Klassen f\u00fcr Muttersprachler und Deutsch als Fremdsprache Lernende.<\/li>\n\n\n\n<li>Mehrere Einstiegsm\u00f6glichkeiten f\u00fcr Anf\u00e4nger.<\/li>\n\n\n\n<li>Konversationsklasse f\u00fcr Fortgeschrittene.<br><\/li>\n\n\n\n<li>Musikunterricht.&nbsp;<a href=\"http:\/\/www.germanschoollondon.com\/diploma.html\">Federal Republic of Germany Accredited Examinations.<\/a><\/li>\n\n\n\n<li>Computergest\u00fctztes Lernen<\/li>\n\n\n\n<li>Austauschprogramm mit deutschsprachigen L\u00e4ndern.<\/li>\n\n\n\n<li>International anerkannte Sprachpr\u00fcfungen.<\/li>\n\n\n\n<li><a href=\"http:\/\/www.germanschoollondon.com\/classes.html#exchange\">Kommunikativen Unterricht in \u00fcberwiegend kleinen Klassen.<\/a><\/li>\n<\/ul>\n\n\n\n<p>Most classes participate in weekly music lessons under the guidance of a professional voice instructor as a way of becoming acquainted with the rich heritage of German folk and popular songs. We firmly believe that singing helps language learners to overcome their reluctance to utter foreign sounds and improves their pronunciation.<\/p>\n\n\n\n<p>At special events such as the German Canadian Club&#8217;s Christkindl Market in November, our annual Christmas Celebration in December, and our Last Day of School Party in early June, students show their parents and guests what they have learned, by singing, acting or reciting poetry on stage.<\/p>\n\n\n\n<h2 class=\"wp-block-heading\">Lehrer<\/h2>\n\n\n\n<p>Die Verwaltung der Deutschen Sprachschule nimmt jederzeit schriftliche Bewerbungen mit den \u00fcblichen Unterlagen von  Lehrkr\u00e4ften f\u00fcr das Fach Deutsch entgegen. Volunt\u00e4re und Unterrichtsassistenten sind immer willkommen.\u00a0<a href=\"mailto:hodgsone79@gmail.com\">contact the Administrator<\/a>.<br>The German Language School welcomes and encourages applications from people with disabilities.\u00a0 Accommodations are available on request for candidates taking part in all aspects of the selection process.<br><\/p>\n\n\n\n<h2 class=\"wp-block-heading\">Ausstattung<\/h2>\n\n\n\n<p>Classes takes place in the Montcalm Secondary School at 1350 Highbury Ave N in London, Ontario, Canada. These facilities include a full size gymnasium, an auditorium, a computer lab, spacious classrooms and a safe, well maintained environment.&nbsp; There is ample parking space in front and behind the building.&nbsp;<br><\/p>\n\n\n\n<h2 class=\"wp-block-heading\">Spenden<br><\/h2>\n\n\n\n<p>Spenden zur Unterst\u00fctzung unseres Angebots sind jederzeit willkommen.  F\u00fcr Betr\u00e4ge \u00fcber $20 wird eine Spendenbescheinigung ausgestellt.<\/p>\n\n\n\n<p><\/p>","protected":false},"excerpt":{"rendered":"<p>About Us Founded in 1959 our school presently teaches about 90 elementary, high-school and adult learners.\u00a0 We are very proud and fortunate that the Central Agency of Schools Abroad (ZfA) of the Federal Republic of Germany is a strong supporter of our programs.\u00a0\u00a0 What We Offer Most classes participate in weekly music lessons under the [&hellip;]<\/p>","protected":false},"author":1,"featured_media":0,"parent":0,"menu_order":0,"comment_status":"closed","ping_status":"closed","template":"elementor_header_footer","meta":{"footnotes":""},"class_list":["post-666","page","type-page","status-publish","hentry"],"jetpack_sharing_enabled":true,"_links":{"self":[{"href":"https:\/\/germanschoollondon.ca\/de\/wp-json\/wp\/v2\/pages\/666","targetHints":{"allow":["GET"]}}],"collection":[{"href":"https:\/\/germanschoollondon.ca\/de\/wp-json\/wp\/v2\/pages"}],"about":[{"href":"https:\/\/germanschoollondon.ca\/de\/wp-json\/wp\/v2\/types\/page"}],"author":[{"embeddable":true,"href":"https:\/\/germanschoollondon.ca\/de\/wp-json\/wp\/v2\/users\/1"}],"replies":[{"embeddable":true,"href":"https:\/\/germanschoollondon.ca\/de\/wp-json\/wp\/v2\/comments?post=666"}],"version-history":[{"count":0,"href":"https:\/\/germanschoollondon.ca\/de\/wp-json\/wp\/v2\/pages\/666\/revisions"}],"wp:attachment":[{"href":"https:\/\/germanschoollondon.ca\/de\/wp-json\/wp\/v2\/media?parent=666"}],"curies":[{"name":"wp","href":"https:\/\/api.w.org\/{rel}","templated":true}]}}